{"id":88,"date":"2020-01-17T15:26:04","date_gmt":"2020-01-17T14:26:04","guid":{"rendered":"https:\/\/demosites.io\/web-agency\/?page_id=28"},"modified":"2021-01-02T16:03:02","modified_gmt":"2021-01-02T15:03:02","slug":"over-dibo","status":"publish","type":"page","link":"https:\/\/www.dibobetonboringen.nl\/?page_id=88","title":{"rendered":"Over Dibo"},"content":{"rendered":"\t\t<div data-elementor-type=\"wp-page\" data-elementor-id=\"88\" class=\"elementor elementor-88\" data-elementor-settings=\"[]\">\n\t\t\t\t\t\t<div class=\"elementor-inner\">\n\t\t\t\t\t\t\t<div class=\"elementor-section-wrap\">\n\t\t\t\t\t\t\t<section class=\"elementor-section elementor-top-section elementor-element elementor-element-4289a2a elementor-section-boxed elementor-section-height-default elementor-section-height-default\" data-id=\"4289a2a\" data-element_type=\"section\" data-settings=\"{&quot;background_background&quot;:&quot;classic&quot;}\">\n\t\t\t\t\t\t<div class=\"elementor-container elementor-column-gap-default\">\n\t\t\t\t\t\t\t<div class=\"elementor-row\">\n\t\t\t\t\t<div class=\"elementor-column elementor-col-50 elementor-top-column elementor-element elementor-element-180b719\" data-id=\"180b719\" data-element_type=\"column\">\n\t\t\t<div class=\"elementor-column-wrap elementor-element-populated\">\n\t\t\t\t\t\t\t<div class=\"elementor-widget-wrap\">\n\t\t\t\t\t\t<div class=\"elementor-element elementor-element-9c76e5e elementor-widget elementor-widget-image\" data-id=\"9c76e5e\" data-element_type=\"widget\" data-widget_type=\"image.default\">\n\t\t\t\t<div class=\"elementor-widget-container\">\n\t\t\t\t\t<div class=\"elementor-image\">\n\t\t\t\t\t\t\t\t\t\t<img loading=\"lazy\" decoding=\"async\" width=\"723\" height=\"373\" src=\"https:\/\/www.dibobetonboringen.nl\/wp-content\/uploads\/2020\/12\/fullsizeoutput_2938.jpeg\" class=\"attachment-large size-large\" alt=\"\" srcset=\"https:\/\/www.dibobetonboringen.nl\/wp-content\/uploads\/2020\/12\/fullsizeoutput_2938.jpeg 723w, https:\/\/www.dibobetonboringen.nl\/wp-content\/uploads\/2020\/12\/fullsizeoutput_2938-300x155.jpeg 300w\" sizes=\"auto, (max-width: 723px) 100vw, 723px\" \/>\t\t\t\t\t\t\t\t\t\t\t<\/div>\n\t\t\t\t<\/div>\n\t\t\t\t<\/div>\n\t\t\t\t\t\t<\/div>\n\t\t\t\t\t<\/div>\n\t\t<\/div>\n\t\t\t\t<div class=\"elementor-column elementor-col-50 elementor-top-column elementor-element elementor-element-b10cbf9\" data-id=\"b10cbf9\" data-element_type=\"column\">\n\t\t\t<div class=\"elementor-column-wrap elementor-element-populated\">\n\t\t\t\t\t\t\t<div class=\"elementor-widget-wrap\">\n\t\t\t\t\t\t<div class=\"elementor-element elementor-element-291533d elementor-widget elementor-widget-heading\" data-id=\"291533d\" data-element_type=\"widget\" data-widget_type=\"heading.default\">\n\t\t\t\t<div class=\"elementor-widget-container\">\n\t\t\t<h2 class=\"elementor-heading-title elementor-size-default\">Over DIBO<\/h2>\t\t<\/div>\n\t\t\t\t<\/div>\n\t\t\t\t<div class=\"elementor-element elementor-element-e479d2f elementor-widget elementor-widget-text-editor\" data-id=\"e479d2f\" data-element_type=\"widget\" data-widget_type=\"text-editor.default\">\n\t\t\t\t<div class=\"elementor-widget-container\">\n\t\t\t\t\t<div class=\"elementor-text-editor elementor-clearfix\"><p>Al sinds 1974 is DIBO gespecialeerd in het boren en zagen met diamant.<\/p><\/div>\n\t\t\t\t<\/div>\n\t\t\t\t<\/div>\n\t\t\t\t<div class=\"elementor-element elementor-element-5e04df4 elementor-widget elementor-widget-text-editor\" data-id=\"5e04df4\" data-element_type=\"widget\" data-widget_type=\"text-editor.default\">\n\t\t\t\t<div class=\"elementor-widget-container\">\n\t\t\t\t\t<div class=\"elementor-text-editor elementor-clearfix\"><p>Ruim 40 jaar geleden begon Hendrik-Jan B\u00f6tzel een beton\/boorbedrijf, als \u00e9\u00e9n van de eerste in heel Nederland. Sinds 2000 zet Eric B\u00f6tzel de activiteiten van het bedrijf voort. Klanten zijn over het algemeen aannemers van bouwprojecten en particuliere opdrachtgevers verspreid over heel Nederland.\u00a0<\/p><\/div>\n\t\t\t\t<\/div>\n\t\t\t\t<\/div>\n\t\t\t\t\t\t<\/div>\n\t\t\t\t\t<\/div>\n\t\t<\/div>\n\t\t\t\t\t\t\t\t<\/div>\n\t\t\t\t\t<\/div>\n\t\t<\/section>\n\t\t\t\t<section class=\"elementor-section elementor-top-section elementor-element elementor-element-3ebfe21 elementor-section-boxed elementor-section-height-default elementor-section-height-default\" data-id=\"3ebfe21\" data-element_type=\"section\">\n\t\t\t\t\t\t<div class=\"elementor-container elementor-column-gap-default\">\n\t\t\t\t\t\t\t<div class=\"elementor-row\">\n\t\t\t\t\t<div class=\"elementor-column elementor-col-100 elementor-top-column elementor-element elementor-element-e6c3e54\" data-id=\"e6c3e54\" data-element_type=\"column\">\n\t\t\t<div class=\"elementor-column-wrap elementor-element-populated\">\n\t\t\t\t\t\t\t<div class=\"elementor-widget-wrap\">\n\t\t\t\t\t\t<div class=\"elementor-element elementor-element-4ac8eb2 elementor-widget elementor-widget-heading\" data-id=\"4ac8eb2\" data-element_type=\"widget\" data-widget_type=\"heading.default\">\n\t\t\t\t<div class=\"elementor-widget-container\">\n\t\t\t<h1 class=\"elementor-heading-title elementor-size-default\">Contactformulier<\/h1>\t\t<\/div>\n\t\t\t\t<\/div>\n\t\t\t\t\t\t<\/div>\n\t\t\t\t\t<\/div>\n\t\t<\/div>\n\t\t\t\t\t\t\t\t<\/div>\n\t\t\t\t\t<\/div>\n\t\t<\/section>\n\t\t\t\t<section class=\"elementor-section elementor-top-section elementor-element elementor-element-d5e8413 elementor-section-boxed elementor-section-height-default elementor-section-height-default\" data-id=\"d5e8413\" data-element_type=\"section\">\n\t\t\t\t\t\t<div class=\"elementor-container elementor-column-gap-default\">\n\t\t\t\t\t\t\t<div class=\"elementor-row\">\n\t\t\t\t\t<div class=\"elementor-column elementor-col-100 elementor-top-column elementor-element elementor-element-5db96ed\" data-id=\"5db96ed\" data-element_type=\"column\">\n\t\t\t<div class=\"elementor-column-wrap elementor-element-populated\">\n\t\t\t\t\t\t\t<div class=\"elementor-widget-wrap\">\n\t\t\t\t\t\t<div class=\"elementor-element elementor-element-687135c elementor-widget elementor-widget-content_form_contact\" data-id=\"687135c\" data-element_type=\"widget\" data-widget_type=\"content_form_contact.default\">\n\t\t\t\t<div class=\"elementor-widget-container\">\n\t\t\t<form action=\"https:\/\/www.dibobetonboringen.nl\/wp-admin\/admin-post.php\" method=\"post\" name=\"content-form-687135c\" id=\"content-form-687135c\" class=\"ti-cf-module content-form content-form-contact content_form_contact\"><input type=\"hidden\" id=\"_wpnonce_contact\" name=\"_wpnonce_contact\" value=\"210bfb627e\" \/><input type=\"hidden\" name=\"_wp_http_referer\" value=\"\/index.php?rest_route=%2Fwp%2Fv2%2Fpages%2F88\" \/><input type=\"hidden\" name=\"action\" value=\"content_form_submit\" \/><input type=\"hidden\" name=\"form-type\" value=\"contact\" \/><input type=\"hidden\" name=\"form-builder\" value=\"elementor\" \/><input type=\"hidden\" name=\"post-id\" value=\"88\" \/><input type=\"hidden\" name=\"form-id\" value=\"687135c\" \/><fieldset class=\"content-form-field-text elementor-column elementor-col-100\"><label for=\"data[687135c][name]\" >Uw naam<span class=\"required-mark\"> *<\/span><\/label><input type=\"text\" name=\"data[687135c][name]\" id=\"data[687135c][name]\" required=\"required\"  placeholder=\"Typ hier\"><\/fieldset><fieldset class=\"content-form-field-email elementor-column elementor-col-100\"><label for=\"data[687135c][email]\" >Email<span class=\"required-mark\"> *<\/span><\/label><input type=\"text\" name=\"data[687135c][email]\" id=\"data[687135c][email]\" required=\"required\"  placeholder=\"Typ hier\"><\/fieldset><fieldset class=\"content-form-field-number elementor-column elementor-col-100\"><label for=\"data[687135c][phone]\" >Telefoonnummer<span class=\"required-mark\"> *<\/span><\/label><input type=\"text\" name=\"data[687135c][phone]\" id=\"data[687135c][phone]\" required=\"required\"  placeholder=\"Typ hier\"><\/fieldset><fieldset class=\"content-form-field-textarea elementor-column elementor-col-100\"><label for=\"data[687135c][message]\" >Uw bericht<span class=\"required-mark\"> *<\/span><\/label><textarea name=\"data[687135c][message]\" id=\"data[687135c][message]\"  required=\"required\" placeholder=\"Typ hier\" cols=\"30\" rows=\"5\"><\/textarea><\/fieldset><fieldset class=\"submit-form contact\"><button type=\"submit\" name=\"submit\"  value=\"submit-contact-687135c\" class=\"\">Verzend<\/button><\/fieldset><\/form>\t\t<\/div>\n\t\t\t\t<\/div>\n\t\t\t\t\t\t<\/div>\n\t\t\t\t\t<\/div>\n\t\t<\/div>\n\t\t\t\t\t\t\t\t<\/div>\n\t\t\t\t\t<\/div>\n\t\t<\/section>\n\t\t\t\t<section class=\"elementor-section elementor-top-section elementor-element elementor-element-c4225fa elementor-section-boxed elementor-section-height-default elementor-section-height-default\" data-id=\"c4225fa\" data-element_type=\"section\" data-settings=\"{&quot;background_background&quot;:&quot;classic&quot;}\">\n\t\t\t\t\t\t<div class=\"elementor-container elementor-column-gap-default\">\n\t\t\t\t\t\t\t<div class=\"elementor-row\">\n\t\t\t\t\t<div class=\"elementor-column elementor-col-33 elementor-top-column elementor-element elementor-element-fc8cae4\" data-id=\"fc8cae4\" data-element_type=\"column\">\n\t\t\t<div class=\"elementor-column-wrap elementor-element-populated\">\n\t\t\t\t\t\t\t<div class=\"elementor-widget-wrap\">\n\t\t\t\t\t\t<div class=\"elementor-element elementor-element-66597d26 elementor-widget elementor-widget-heading\" data-id=\"66597d26\" data-element_type=\"widget\" data-widget_type=\"heading.default\">\n\t\t\t\t<div class=\"elementor-widget-container\">\n\t\t\t<h4 class=\"elementor-heading-title elementor-size-default\">ONZE DIENSTEN<\/h4>\t\t<\/div>\n\t\t\t\t<\/div>\n\t\t\t\t<div class=\"elementor-element elementor-element-727d080a elementor-widget elementor-widget-text-editor\" data-id=\"727d080a\" data-element_type=\"widget\" data-widget_type=\"text-editor.default\">\n\t\t\t\t<div class=\"elementor-widget-container\">\n\t\t\t\t\t<div class=\"elementor-text-editor elementor-clearfix\"><p><a href=\"https:\/\/www.dibobetonboringen.nl\/?page_id=170\">Boren<\/a><br \/><a href=\"https:\/\/www.dibobetonboringen.nl\/?page_id=181\">Zagen<\/a><br \/><a href=\"https:\/\/www.dibobetonboringen.nl\/?page_id=277\">Specialiteiten<\/a><\/p><\/div>\n\t\t\t\t<\/div>\n\t\t\t\t<\/div>\n\t\t\t\t\t\t<\/div>\n\t\t\t\t\t<\/div>\n\t\t<\/div>\n\t\t\t\t<div class=\"elementor-column elementor-col-33 elementor-top-column elementor-element elementor-element-44aa6cd5\" data-id=\"44aa6cd5\" data-element_type=\"column\">\n\t\t\t<div class=\"elementor-column-wrap elementor-element-populated\">\n\t\t\t\t\t\t\t<div class=\"elementor-widget-wrap\">\n\t\t\t\t\t\t<div class=\"elementor-element elementor-element-b20f333 elementor-widget elementor-widget-heading\" data-id=\"b20f333\" data-element_type=\"widget\" data-widget_type=\"heading.default\">\n\t\t\t\t<div class=\"elementor-widget-container\">\n\t\t\t<h4 class=\"elementor-heading-title elementor-size-default\">CONTACT<\/h4>\t\t<\/div>\n\t\t\t\t<\/div>\n\t\t\t\t<div class=\"elementor-element elementor-element-520e1ed2 elementor-icon-list--layout-traditional elementor-list-item-link-full_width elementor-widget elementor-widget-icon-list\" data-id=\"520e1ed2\" data-element_type=\"widget\" data-widget_type=\"icon-list.default\">\n\t\t\t\t<div class=\"elementor-widget-container\">\n\t\t\t\t\t<ul class=\"elementor-icon-list-items\">\n\t\t\t\t\t\t\t<li class=\"elementor-icon-list-item\">\n\t\t\t\t\t<a href=\"https:\/\/www.google.nl\/maps\/place\/Doejenburg+24a,+4024+HE+Eck+en+Wiel\/@51.9664814,5.440934,17z\/data=!3m1!4b1!4m5!3m4!1s0x47c6575b34ab2725:0x5023fd78cd438b0c!8m2!3d51.9664814!4d5.4431227\">\t\t\t\t\t\t<span class=\"elementor-icon-list-icon\">\n\t\t\t\t\t\t\t<i aria-hidden=\"true\" class=\"fas fa-location-arrow\"><\/i>\t\t\t\t\t\t<\/span>\n\t\t\t\t\t\t\t\t\t\t<span class=\"elementor-icon-list-text\">DIBO Betonboringen<br>Doejenburg 24a<br>4024 HE Eck en Wiel<\/span>\n\t\t\t\t\t\t\t\t\t\t\t<\/a>\n\t\t\t\t\t\t\t\t\t<\/li>\n\t\t\t\t\t\t\t\t<li class=\"elementor-icon-list-item\">\n\t\t\t\t\t\t\t\t\t\t\t<span class=\"elementor-icon-list-icon\">\n\t\t\t\t\t\t\t<i aria-hidden=\"true\" class=\"fas fa-phone\"><\/i>\t\t\t\t\t\t<\/span>\n\t\t\t\t\t\t\t\t\t\t<span class=\"elementor-icon-list-text\"><a href=\"tel:06-50244028\"> 0650244028<\/a><\/span>\n\t\t\t\t\t\t\t\t\t<\/li>\n\t\t\t\t\t\t\t\t<li class=\"elementor-icon-list-item\">\n\t\t\t\t\t\t\t\t\t\t\t<span class=\"elementor-icon-list-icon\">\n\t\t\t\t\t\t\t<i aria-hidden=\"true\" class=\"fas fa-envelope\"><\/i>\t\t\t\t\t\t<\/span>\n\t\t\t\t\t\t\t\t\t\t<span class=\"elementor-icon-list-text\"><a href=\"mailto:info@dibobetonboringen.nl\">info@dibobetonboringen.nl<\/span>\n\t\t\t\t\t\t\t\t\t<\/li>\n\t\t\t\t\t\t<\/ul>\n\t\t\t\t<\/div>\n\t\t\t\t<\/div>\n\t\t\t\t\t\t<\/div>\n\t\t\t\t\t<\/div>\n\t\t<\/div>\n\t\t\t\t<div class=\"elementor-column elementor-col-33 elementor-top-column elementor-element elementor-element-26e80ec7\" data-id=\"26e80ec7\" data-element_type=\"column\">\n\t\t\t<div class=\"elementor-column-wrap elementor-element-populated\">\n\t\t\t\t\t\t\t<div class=\"elementor-widget-wrap\">\n\t\t\t\t\t\t<div class=\"elementor-element elementor-element-f36315 elementor-shape-rounded elementor-grid-0 elementor-widget elementor-widget-social-icons\" data-id=\"f36315\" data-element_type=\"widget\" data-widget_type=\"social-icons.default\">\n\t\t\t\t<div class=\"elementor-widget-container\">\n\t\t\t\t\t<div class=\"elementor-social-icons-wrapper elementor-grid\">\n\t\t\t\t\t\t\t<div class=\"elementor-grid-item\">\n\t\t\t\t\t<a class=\"elementor-icon elementor-social-icon elementor-social-icon-facebook elementor-repeater-item-678927a\" href=\"https:\/\/www.facebook.com\/eric.botzel\" target=\"_blank\">\n\t\t\t\t\t\t<span class=\"elementor-screen-only\">Facebook<\/span>\n\t\t\t\t\t\t<i class=\"fab fa-facebook\"><\/i>\t\t\t\t\t<\/a>\n\t\t\t\t<\/div>\n\t\t\t\t\t\t\t<div class=\"elementor-grid-item\">\n\t\t\t\t\t<a class=\"elementor-icon elementor-social-icon elementor-social-icon-linkedin elementor-repeater-item-4cb60e5\" href=\"https:\/\/www.linkedin.com\/in\/eric-botzel-23a37b88\/\" target=\"_blank\">\n\t\t\t\t\t\t<span class=\"elementor-screen-only\">Linkedin<\/span>\n\t\t\t\t\t\t<i class=\"fab fa-linkedin\"><\/i>\t\t\t\t\t<\/a>\n\t\t\t\t<\/div>\n\t\t\t\t\t<\/div>\n\t\t\t\t<\/div>\n\t\t\t\t<\/div>\n\t\t\t\t\t\t<\/div>\n\t\t\t\t\t<\/div>\n\t\t<\/div>\n\t\t\t\t\t\t\t\t<\/div>\n\t\t\t\t\t<\/div>\n\t\t<\/section>\n\t\t\t\t<section class=\"elementor-section elementor-top-section elementor-element elementor-element-6f77e9aa elementor-section-boxed elementor-section-height-default elementor-section-height-default\" data-id=\"6f77e9aa\" data-element_type=\"section\">\n\t\t\t\t\t\t<div class=\"elementor-container elementor-column-gap-default\">\n\t\t\t\t\t\t\t<div class=\"elementor-row\">\n\t\t\t\t\t<div class=\"elementor-column elementor-col-50 elementor-top-column elementor-element elementor-element-64648fbd\" data-id=\"64648fbd\" data-element_type=\"column\">\n\t\t\t<div class=\"elementor-column-wrap\">\n\t\t\t\t\t\t\t<div class=\"elementor-widget-wrap\">\n\t\t\t\t\t\t\t\t<\/div>\n\t\t\t\t\t<\/div>\n\t\t<\/div>\n\t\t\t\t<div class=\"elementor-column elementor-col-50 elementor-top-column elementor-element elementor-element-14d99d11\" data-id=\"14d99d11\" data-element_type=\"column\">\n\t\t\t<div class=\"elementor-column-wrap\">\n\t\t\t\t\t\t\t<div class=\"elementor-widget-wrap\">\n\t\t\t\t\t\t\t\t<\/div>\n\t\t\t\t\t<\/div>\n\t\t<\/div>\n\t\t\t\t\t\t\t\t<\/div>\n\t\t\t\t\t<\/div>\n\t\t<\/section>\n\t\t\t\t\t\t<\/div>\n\t\t\t\t\t\t<\/div>\n\t\t\t\t\t<\/div>\n\t\t","protected":false},"excerpt":{"rendered":"<p>Over DIBO Al sinds 1974 is DIBO gespecialeerd in het boren en zagen met diamant. Ruim 40 jaar geleden begon Hendrik-Jan B\u00f6tzel een beton\/boorbedrijf, als \u00e9\u00e9n van de eerste in heel Nederland. Sinds 2000 zet Eric B\u00f6tzel de activiteiten van het bedrijf voort. Klanten zijn over het algemeen aannemers van bouwprojecten en particuliere opdrachtgevers verspreid&hellip;&nbsp;<a href=\"https:\/\/www.dibobetonboringen.nl\/?page_id=88\" class=\"\" rel=\"bookmark\">Lees verder &raquo;<span class=\"screen-reader-text\">Over Dibo<\/span><\/a><\/p>\n","protected":false},"author":1,"featured_media":0,"parent":0,"menu_order":0,"comment_status":"closed","ping_status":"closed","template":"page-templates\/template-pagebuilder-full-width.php","meta":{"neve_meta_sidebar":"full-width","neve_meta_container":"","neve_meta_enable_content_width":"on","neve_meta_content_width":100,"neve_meta_title_alignment":"","neve_meta_author_avatar":"","neve_post_elements_order":"","neve_meta_disable_header":"","neve_meta_disable_footer":"","neve_meta_disable_title":"","_ti_tpc_template_sync":false,"_ti_tpc_template_id":"","footnotes":""},"class_list":["post-88","page","type-page","status-publish","hentry"],"yoast_head":"<!-- This site is optimized with the Yoast SEO plugin v15.5 - https:\/\/yoast.com\/wordpress\/plugins\/seo\/ -->\n<title>Over Dibo - DIBO Betonboringen<\/title>\n<meta name=\"robots\" content=\"index, follow, max-snippet:-1, max-image-preview:large, max-video-preview:-1\" \/>\n<link rel=\"canonical\" href=\"https:\/\/www.dibobetonboringen.nl\/?page_id=88\" \/>\n<meta property=\"og:locale\" content=\"nl_NL\" \/>\n<meta property=\"og:type\" content=\"article\" \/>\n<meta property=\"og:title\" content=\"Over Dibo - DIBO Betonboringen\" \/>\n<meta property=\"og:description\" content=\"Over DIBO Al sinds 1974 is DIBO gespecialeerd in het boren en zagen met diamant. Ruim 40 jaar geleden begon Hendrik-Jan B\u00f6tzel een beton\/boorbedrijf, als \u00e9\u00e9n van de eerste in heel Nederland. Sinds 2000 zet Eric B\u00f6tzel de activiteiten van het bedrijf voort. Klanten zijn over het algemeen aannemers van bouwprojecten en particuliere opdrachtgevers verspreid&hellip;&nbsp;Lees verder &raquo;Over Dibo\" \/>\n<meta property=\"og:url\" content=\"https:\/\/www.dibobetonboringen.nl\/?page_id=88\" \/>\n<meta property=\"og:site_name\" content=\"DIBO Betonboringen\" \/>\n<meta property=\"article:modified_time\" content=\"2021-01-02T15:03:02+00:00\" \/>\n<meta property=\"og:image\" content=\"https:\/\/www.dibobetonboringen.nl\/wp-content\/uploads\/2020\/12\/fullsizeoutput_2938.jpeg\" \/>\n<meta name=\"twitter:card\" content=\"summary_large_image\" \/>\n<meta name=\"twitter:label1\" content=\"Geschatte leestijd\">\n\t<meta name=\"twitter:data1\" content=\"0 minuten\">\n<script type=\"application\/ld+json\" class=\"yoast-schema-graph\">{\"@context\":\"https:\/\/schema.org\",\"@graph\":[{\"@type\":\"Organization\",\"@id\":\"https:\/\/www.dibobetonboringen.nl\/#organization\",\"name\":\"DIBO\",\"url\":\"https:\/\/www.dibobetonboringen.nl\/\",\"sameAs\":[],\"logo\":{\"@type\":\"ImageObject\",\"@id\":\"https:\/\/www.dibobetonboringen.nl\/#logo\",\"inLanguage\":\"nl-NL\",\"url\":\"https:\/\/www.dibobetonboringen.nl\/wp-content\/uploads\/2020\/12\/diboo-e1608839816606.png\",\"width\":237,\"height\":114,\"caption\":\"DIBO\"},\"image\":{\"@id\":\"https:\/\/www.dibobetonboringen.nl\/#logo\"}},{\"@type\":\"WebSite\",\"@id\":\"https:\/\/www.dibobetonboringen.nl\/#website\",\"url\":\"https:\/\/www.dibobetonboringen.nl\/\",\"name\":\"DIBO Betonboringen\",\"description\":\"Boren en zagen\",\"publisher\":{\"@id\":\"https:\/\/www.dibobetonboringen.nl\/#organization\"},\"potentialAction\":[{\"@type\":\"SearchAction\",\"target\":\"https:\/\/www.dibobetonboringen.nl\/?s={search_term_string}\",\"query-input\":\"required name=search_term_string\"}],\"inLanguage\":\"nl-NL\"},{\"@type\":\"ImageObject\",\"@id\":\"https:\/\/www.dibobetonboringen.nl\/?page_id=88#primaryimage\",\"inLanguage\":\"nl-NL\",\"url\":\"https:\/\/www.dibobetonboringen.nl\/wp-content\/uploads\/2020\/12\/fullsizeoutput_2938.jpeg\",\"width\":723,\"height\":373},{\"@type\":\"WebPage\",\"@id\":\"https:\/\/www.dibobetonboringen.nl\/?page_id=88#webpage\",\"url\":\"https:\/\/www.dibobetonboringen.nl\/?page_id=88\",\"name\":\"Over Dibo - DIBO Betonboringen\",\"isPartOf\":{\"@id\":\"https:\/\/www.dibobetonboringen.nl\/#website\"},\"primaryImageOfPage\":{\"@id\":\"https:\/\/www.dibobetonboringen.nl\/?page_id=88#primaryimage\"},\"datePublished\":\"2020-01-17T14:26:04+00:00\",\"dateModified\":\"2021-01-02T15:03:02+00:00\",\"inLanguage\":\"nl-NL\",\"potentialAction\":[{\"@type\":\"ReadAction\",\"target\":[\"https:\/\/www.dibobetonboringen.nl\/?page_id=88\"]}]}]}<\/script>\n<!-- \/ Yoast SEO plugin. -->","_links":{"self":[{"href":"https:\/\/www.dibobetonboringen.nl\/index.php?rest_route=\/wp\/v2\/pages\/88","targetHints":{"allow":["GET"]}}],"collection":[{"href":"https:\/\/www.dibobetonboringen.nl\/index.php?rest_route=\/wp\/v2\/pages"}],"about":[{"href":"https:\/\/www.dibobetonboringen.nl\/index.php?rest_route=\/wp\/v2\/types\/page"}],"author":[{"embeddable":true,"href":"https:\/\/www.dibobetonboringen.nl\/index.php?rest_route=\/wp\/v2\/users\/1"}],"replies":[{"embeddable":true,"href":"https:\/\/www.dibobetonboringen.nl\/index.php?rest_route=%2Fwp%2Fv2%2Fcomments&post=88"}],"version-history":[{"count":34,"href":"https:\/\/www.dibobetonboringen.nl\/index.php?rest_route=\/wp\/v2\/pages\/88\/revisions"}],"predecessor-version":[{"id":710,"href":"https:\/\/www.dibobetonboringen.nl\/index.php?rest_route=\/wp\/v2\/pages\/88\/revisions\/710"}],"wp:attachment":[{"href":"https:\/\/www.dibobetonboringen.nl\/index.php?rest_route=%2Fwp%2Fv2%2Fmedia&parent=88"}],"curies":[{"name":"wp","href":"https:\/\/api.w.org\/{rel}","templated":true}]}}